{"id":37,"date":"2025-03-03T14:13:33","date_gmt":"2025-03-03T14:13:33","guid":{"rendered":"https:\/\/ivorycoastliftexpo.com\/?page_id=37"},"modified":"2025-03-03T14:17:00","modified_gmt":"2025-03-03T14:17:00","slug":"about-cote-divoire","status":"publish","type":"page","link":"https:\/\/ivorycoastliftexpo.com\/fr\/about-cote-divoire\/","title":{"rendered":"About C\u00f4te d&#8217;Ivoire"},"content":{"rendered":"<div data-elementor-type=\"wp-page\" data-elementor-id=\"37\" class=\"elementor elementor-37\">\n\t\t\t\t\t\t<section class=\"elementor-section elementor-top-section elementor-element elementor-element-d457371 elementor-section-boxed elementor-section-height-default elementor-section-height-default\" data-id=\"d457371\" data-element_type=\"section\" data-settings=\"{&quot;background_background&quot;:&quot;slideshow&quot;,&quot;shape_divider_bottom&quot;:&quot;waves&quot;,&quot;shape_divider_bottom_negative&quot;:&quot;yes&quot;,&quot;background_slideshow_gallery&quot;:[{&quot;id&quot;:39,&quot;url&quot;:&quot;https:\\\/\\\/ivorycoastliftexpo.com\\\/wp-content\\\/uploads\\\/2025\\\/03\\\/Abidjan-Cote-Ivoire.webp&quot;},{&quot;id&quot;:40,&quot;url&quot;:&quot;https:\\\/\\\/ivorycoastliftexpo.com\\\/wp-content\\\/uploads\\\/2025\\\/03\\\/abidjan-ivory-coast-digital-nomads.jpg&quot;},{&quot;id&quot;:41,&quot;url&quot;:&quot;https:\\\/\\\/ivorycoastliftexpo.com\\\/wp-content\\\/uploads\\\/2025\\\/03\\\/Abidjan-Cote-Ivoire-1.webp&quot;},{&quot;id&quot;:42,&quot;url&quot;:&quot;https:\\\/\\\/ivorycoastliftexpo.com\\\/wp-content\\\/uploads\\\/2025\\\/03\\\/Ivory5613321383_a8c9079f22_o-scaled-1.jpg&quot;}],&quot;background_slideshow_transition_duration&quot;:1000,&quot;background_slideshow_loop&quot;:&quot;yes&quot;,&quot;background_slideshow_slide_duration&quot;:5000,&quot;background_slideshow_slide_transition&quot;:&quot;fade&quot;}\">\n\t\t\t\t\t\t\t<div class=\"elementor-background-overlay\"><\/div>\n\t\t\t\t\t\t<div class=\"elementor-shape elementor-shape-bottom\" aria-hidden=\"true\" data-negative=\"true\">\n\t\t\t<svg xmlns=\"http:\/\/www.w3.org\/2000\/svg\" viewbox=\"0 0 1000 100\" preserveaspectratio=\"none\">\n\t<path class=\"elementor-shape-fill\" d=\"M790.5,93.1c-59.3-5.3-116.8-18-192.6-50c-29.6-12.7-76.9-31-100.5-35.9c-23.6-4.9-52.6-7.8-75.5-5.3\tc-10.2,1.1-22.6,1.4-50.1,7.4c-27.2,6.3-58.2,16.6-79.4,24.7c-41.3,15.9-94.9,21.9-134,22.6C72,58.2,0,25.8,0,25.8V100h1000V65.3\tc0,0-51.5,19.4-106.2,25.7C839.5,97,814.1,95.2,790.5,93.1z\"\/>\n<\/svg>\t\t<\/div>\n\t\t\t\t\t<div class=\"elementor-container elementor-column-gap-default\">\n\t\t\t\t\t<div class=\"elementor-column elementor-col-100 elementor-top-column elementor-element elementor-element-4915aa8\" data-id=\"4915aa8\" data-element_type=\"column\">\n\t\t\t<div class=\"elementor-widget-wrap elementor-element-populated\">\n\t\t\t\t\t\t<div class=\"elementor-element elementor-element-872bc03 elementor-invisible elementor-widget elementor-widget-heading\" data-id=\"872bc03\" data-element_type=\"widget\" data-settings=\"{&quot;_animation&quot;:&quot;fadeInUp&quot;,&quot;_animation_delay&quot;:200}\" data-widget_type=\"heading.default\">\n\t\t\t\t<div class=\"elementor-widget-container\">\n\t\t\t\t\t<h1 class=\"elementor-heading-title elementor-size-default\">A PROPOS DE LA C\u00d4TE D'IVOIRE<\/h1>\t\t\t\t<\/div>\n\t\t\t\t<\/div>\n\t\t\t\t\t<\/div>\n\t\t<\/div>\n\t\t\t\t\t<\/div>\n\t\t<\/section>\n\t\t<div class=\"elementor-element elementor-element-74a9460 e-flex e-con-boxed e-con e-parent\" data-id=\"74a9460\" data-element_type=\"container\">\n\t\t\t\t\t<div class=\"e-con-inner\">\n\t\t<div class=\"elementor-element elementor-element-9d33703 e-con-full e-flex elementor-invisible e-con e-child\" data-id=\"9d33703\" data-element_type=\"container\" data-settings=\"{&quot;animation&quot;:&quot;fadeInLeft&quot;}\">\n\t\t\t\t<div class=\"elementor-element elementor-element-be1992a elementor-widget elementor-widget-heading\" data-id=\"be1992a\" data-element_type=\"widget\" data-widget_type=\"heading.default\">\n\t\t\t\t<div class=\"elementor-widget-container\">\n\t\t\t\t\t<h2 class=\"elementor-heading-title elementor-size-default\">Le centre \u00e9conomique de l'Afrique de l'Ouest<\/h2>\t\t\t\t<\/div>\n\t\t\t\t<\/div>\n\t\t\t\t<div class=\"elementor-element elementor-element-7b7474b elementor-widget elementor-widget-text-editor\" data-id=\"7b7474b\" data-element_type=\"widget\" data-widget_type=\"text-editor.default\">\n\t\t\t\t<div class=\"elementor-widget-container\">\n\t\t\t\t\t\t\t\t\t<p>Avec une population de 29 millions d'habitants, la C\u00f4te d'Ivoire est l'\u00e9conomie la plus d\u00e9velopp\u00e9e d'Afrique de l'Ouest. Gr\u00e2ce \u00e0 d'importants investissements dans la construction, elle diversifie de plus en plus son portefeuille \u00e9conomique.<\/p><p>La C\u00f4te d'Ivoire est l'une des \u00e9conomies les plus influentes et les plus dynamiques d'Afrique de l'Ouest. Gr\u00e2ce \u00e0 d'importants investissements dans la construction, elle diversifie de plus en plus son portefeuille \u00e9conomique. Avec son \u00e9conomie dynamique et sa population en croissance rapide, le pays ne cesse d'\u00e9tendre sa sph\u00e8re commerciale.<\/p><p>L'\u00e9conomie dynamique et la population croissante de la C\u00f4te d'Ivoire, associ\u00e9es au march\u00e9 de la Communaut\u00e9 \u00e9conomique des \u00c9tats de l'Afrique de l'Ouest (CEDEAO) fort de 350 millions d'habitants, offrent d'importantes opportunit\u00e9s en mati\u00e8re de commerce et d'investissement.<\/p>\t\t\t\t\t\t\t\t<\/div>\n\t\t\t\t<\/div>\n\t\t\t\t<\/div>\n\t\t<div class=\"elementor-element elementor-element-d15fb02 e-con-full e-flex elementor-invisible e-con e-child\" data-id=\"d15fb02\" data-element_type=\"container\" data-settings=\"{&quot;animation&quot;:&quot;fadeInRight&quot;}\">\n\t\t\t\t<div class=\"elementor-element elementor-element-dbdf3ae elementor-widget elementor-widget-image\" data-id=\"dbdf3ae\" data-element_type=\"widget\" data-widget_type=\"image.default\">\n\t\t\t\t<div class=\"elementor-widget-container\">\n\t\t\t\t\t\t\t\t\t\t\t\t\t\t\t<img fetchpriority=\"high\" decoding=\"async\" width=\"1024\" height=\"856\" src=\"https:\/\/ivorycoastliftexpo.com\/wp-content\/uploads\/2025\/03\/Varlik-3@2x-1024x856.png\" class=\"attachment-large size-large wp-image-43\" alt=\"\" srcset=\"https:\/\/ivorycoastliftexpo.com\/wp-content\/uploads\/2025\/03\/Varlik-3@2x-1024x856.png 1024w, https:\/\/ivorycoastliftexpo.com\/wp-content\/uploads\/2025\/03\/Varlik-3@2x-300x251.png 300w, https:\/\/ivorycoastliftexpo.com\/wp-content\/uploads\/2025\/03\/Varlik-3@2x-768x642.png 768w, https:\/\/ivorycoastliftexpo.com\/wp-content\/uploads\/2025\/03\/Varlik-3@2x.png 1063w\" sizes=\"(max-width: 1024px) 100vw, 1024px\" \/>\t\t\t\t\t\t\t\t\t\t\t\t\t\t\t<\/div>\n\t\t\t\t<\/div>\n\t\t\t\t<\/div>\n\t\t\t\t\t<\/div>\n\t\t\t\t<\/div>\n\t\t<div class=\"elementor-element elementor-element-61c4130 e-flex e-con-boxed e-con e-parent\" data-id=\"61c4130\" data-element_type=\"container\" data-settings=\"{&quot;background_background&quot;:&quot;classic&quot;}\">\n\t\t\t\t\t<div class=\"e-con-inner\">\n\t\t<div class=\"elementor-element elementor-element-331df2d e-con-full e-flex e-con e-child\" data-id=\"331df2d\" data-element_type=\"container\">\n\t\t\t\t<div class=\"elementor-element elementor-element-826acfa elementor-widget elementor-widget-heading\" data-id=\"826acfa\" data-element_type=\"widget\" data-widget_type=\"heading.default\">\n\t\t\t\t<div class=\"elementor-widget-container\">\n\t\t\t\t\t<h2 class=\"elementor-heading-title elementor-size-default\">Le moderne<\/h2>\t\t\t\t<\/div>\n\t\t\t\t<\/div>\n\t\t\t\t<div class=\"elementor-element elementor-element-6c3055b elementor-widget elementor-widget-heading\" data-id=\"6c3055b\" data-element_type=\"widget\" data-widget_type=\"heading.default\">\n\t\t\t\t<div class=\"elementor-widget-container\">\n\t\t\t\t\t<h3 class=\"elementor-heading-title elementor-size-default\">Port d'Abidjan<\/h3>\t\t\t\t<\/div>\n\t\t\t\t<\/div>\n\t\t\t\t<div class=\"elementor-element elementor-element-348d1bb elementor-widget elementor-widget-text-editor\" data-id=\"348d1bb\" data-element_type=\"widget\" data-widget_type=\"text-editor.default\">\n\t\t\t\t<div class=\"elementor-widget-container\">\n\t\t\t\t\t\t\t\t\tL'un des plus importants de la c\u00f4te ouest-africaine, il dessert les pays enclav\u00e9s et facilite le commerce r\u00e9gional, faisant de la C\u00f4te d'Ivoire un acteur cl\u00e9 du commerce et de la logistique dans la r\u00e9gion.\t\t\t\t\t\t\t\t<\/div>\n\t\t\t\t<\/div>\n\t\t\t\t<div class=\"elementor-element elementor-element-3a5790c elementor-widget elementor-widget-text-editor\" data-id=\"3a5790c\" data-element_type=\"widget\" data-widget_type=\"text-editor.default\">\n\t\t\t\t<div class=\"elementor-widget-container\">\n\t\t\t\t\t\t\t\t\tSa diversit\u00e9 \u00e9conomique, sa situation strat\u00e9gique et l'augmentation du volume de ses \u00e9changes commerciaux renforcent son attrait. En tant que membre de la CEDEAO et de l'UEMOA, la C\u00f4te d'Ivoire sert de porte d'entr\u00e9e aux march\u00e9s locaux et r\u00e9gionaux, offrant des opportunit\u00e9s significatives pour les commer\u00e7ants \u00e9trangers.\n\u00e9trangers.\t\t\t\t\t\t\t\t<\/div>\n\t\t\t\t<\/div>\n\t\t\t\t<\/div>\n\t\t<div class=\"elementor-element elementor-element-7ec23ee e-con-full e-flex e-con e-child\" data-id=\"7ec23ee\" data-element_type=\"container\">\n\t\t\t\t<div class=\"elementor-element elementor-element-b5e617e elementor-widget elementor-widget-image\" data-id=\"b5e617e\" data-element_type=\"widget\" data-widget_type=\"image.default\">\n\t\t\t\t<div class=\"elementor-widget-container\">\n\t\t\t\t\t\t\t\t\t\t\t\t\t\t\t<img decoding=\"async\" width=\"1024\" height=\"684\" src=\"https:\/\/ivorycoastliftexpo.com\/wp-content\/uploads\/2025\/03\/Abidjan-Cote-Ivoire-1-1-1024x684.webp\" class=\"attachment-large size-large wp-image-44\" alt=\"\" srcset=\"https:\/\/ivorycoastliftexpo.com\/wp-content\/uploads\/2025\/03\/Abidjan-Cote-Ivoire-1-1-1024x684.webp 1024w, https:\/\/ivorycoastliftexpo.com\/wp-content\/uploads\/2025\/03\/Abidjan-Cote-Ivoire-1-1-300x200.webp 300w, https:\/\/ivorycoastliftexpo.com\/wp-content\/uploads\/2025\/03\/Abidjan-Cote-Ivoire-1-1-768x513.webp 768w, https:\/\/ivorycoastliftexpo.com\/wp-content\/uploads\/2025\/03\/Abidjan-Cote-Ivoire-1-1-1536x1026.webp 1536w, https:\/\/ivorycoastliftexpo.com\/wp-content\/uploads\/2025\/03\/Abidjan-Cote-Ivoire-1-1.webp 1600w\" sizes=\"(max-width: 1024px) 100vw, 1024px\" \/>\t\t\t\t\t\t\t\t\t\t\t\t\t\t\t<\/div>\n\t\t\t\t<\/div>\n\t\t\t\t<\/div>\n\t\t\t\t\t<\/div>\n\t\t\t\t<\/div>\n\t\t\t\t<\/div>","protected":false},"excerpt":{"rendered":"<p>ABOUT C\u00d4TE D&#8217;IVOIRE The Economic Hub Of West Africa The most developing economies in West Africa with a population of [&hellip;]<\/p>","protected":false},"author":1,"featured_media":0,"parent":0,"menu_order":0,"comment_status":"closed","ping_status":"closed","template":"","meta":{"site-sidebar-layout":"no-sidebar","site-content-layout":"","ast-site-content-layout":"full-width-container","site-content-style":"default","site-sidebar-style":"default","ast-global-header-display":"","ast-banner-title-visibility":"","ast-main-header-display":"","ast-hfb-above-header-display":"","ast-hfb-below-header-display":"","ast-hfb-mobile-header-display":"","site-post-title":"disabled","ast-breadcrumbs-content":"","ast-featured-img":"disabled","footer-sml-layout":"","ast-disable-related-posts":"","theme-transparent-header-meta":"","adv-header-id-meta":"","stick-header-meta":"","header-above-stick-meta":"","header-main-stick-meta":"","header-below-stick-meta":"","astra-migrate-meta-layouts":"default","ast-page-background-enabled":"default","ast-page-background-meta":{"desktop":{"background-color":"var(--ast-global-color-5)","background-image":"","background-repeat":"repeat","background-position":"center center","background-size":"auto","background-attachment":"scroll","background-type":"","background-media":"","overlay-type":"","overlay-color":"","overlay-opacity":"","overlay-gradient":""},"tablet":{"background-color":"","background-image":"","background-repeat":"repeat","background-position":"center center","background-size":"auto","background-attachment":"scroll","background-type":"","background-media":"","overlay-type":"","overlay-color":"","overlay-opacity":"","overlay-gradient":""},"mobile":{"background-color":"","background-image":"","background-repeat":"repeat","background-position":"center center","background-size":"auto","background-attachment":"scroll","background-type":"","background-media":"","overlay-type":"","overlay-color":"","overlay-opacity":"","overlay-gradient":""}},"ast-content-background-meta":{"desktop":{"background-color":"var(--ast-global-color-4)","background-image":"","background-repeat":"repeat","background-position":"center center","background-size":"auto","background-attachment":"scroll","background-type":"","background-media":"","overlay-type":"","overlay-color":"","overlay-opacity":"","overlay-gradient":""},"tablet":{"background-color":"var(--ast-global-color-4)","background-image":"","background-repeat":"repeat","background-position":"center center","background-size":"auto","background-attachment":"scroll","background-type":"","background-media":"","overlay-type":"","overlay-color":"","overlay-opacity":"","overlay-gradient":""},"mobile":{"background-color":"var(--ast-global-color-4)","background-image":"","background-repeat":"repeat","background-position":"center center","background-size":"auto","background-attachment":"scroll","background-type":"","background-media":"","overlay-type":"","overlay-color":"","overlay-opacity":"","overlay-gradient":""}},"footnotes":""},"class_list":["post-37","page","type-page","status-publish","hentry"],"_links":{"self":[{"href":"https:\/\/ivorycoastliftexpo.com\/fr\/wp-json\/wp\/v2\/pages\/37","targetHints":{"allow":["GET"]}}],"collection":[{"href":"https:\/\/ivorycoastliftexpo.com\/fr\/wp-json\/wp\/v2\/pages"}],"about":[{"href":"https:\/\/ivorycoastliftexpo.com\/fr\/wp-json\/wp\/v2\/types\/page"}],"author":[{"embeddable":true,"href":"https:\/\/ivorycoastliftexpo.com\/fr\/wp-json\/wp\/v2\/users\/1"}],"replies":[{"embeddable":true,"href":"https:\/\/ivorycoastliftexpo.com\/fr\/wp-json\/wp\/v2\/comments?post=37"}],"version-history":[{"count":4,"href":"https:\/\/ivorycoastliftexpo.com\/fr\/wp-json\/wp\/v2\/pages\/37\/revisions"}],"predecessor-version":[{"id":47,"href":"https:\/\/ivorycoastliftexpo.com\/fr\/wp-json\/wp\/v2\/pages\/37\/revisions\/47"}],"wp:attachment":[{"href":"https:\/\/ivorycoastliftexpo.com\/fr\/wp-json\/wp\/v2\/media?parent=37"}],"curies":[{"name":"wp","href":"https:\/\/api.w.org\/{rel}","templated":true}]}}